{"id":257,"date":"2019-07-29T06:21:52","date_gmt":"2019-07-29T06:21:52","guid":{"rendered":"https:\/\/demosites.io\/rokophoto\/?page_id=12"},"modified":"2025-08-23T05:17:53","modified_gmt":"2025-08-23T05:17:53","slug":"methoden","status":"publish","type":"page","link":"https:\/\/frank-christian.com\/home\/methoden\/","title":{"rendered":"Methoden \u00dcbersicht"},"content":{"rendered":"\t\t<div data-elementor-type=\"wp-post\" data-elementor-id=\"257\" class=\"elementor elementor-257\">\n\t\t\t\t\t\t<section class=\"elementor-section elementor-top-section elementor-element elementor-element-98aca1b elementor-section-height-min-height elementor-section-boxed elementor-section-height-default elementor-section-items-middle\" data-id=\"98aca1b\" data-element_type=\"section\" data-e-type=\"section\" data-settings=\"{&quot;background_background&quot;:&quot;classic&quot;}\">\n\t\t\t\t\t\t\t<div class=\"elementor-background-overlay\"><\/div>\n\t\t\t\t\t\t\t<div class=\"elementor-container elementor-column-gap-default\">\n\t\t\t\t\t<div class=\"elementor-column elementor-col-100 elementor-top-column elementor-element elementor-element-396bae4\" data-id=\"396bae4\" data-element_type=\"column\" data-e-type=\"column\">\n\t\t\t<div class=\"elementor-widget-wrap elementor-element-populated\">\n\t\t\t\t\t\t<section class=\"elementor-section elementor-inner-section elementor-element elementor-element-b320b22 elementor-section-boxed elementor-section-height-default elementor-section-height-default\" data-id=\"b320b22\" data-element_type=\"section\" data-e-type=\"section\">\n\t\t\t\t\t\t<div class=\"elementor-container elementor-column-gap-default\">\n\t\t\t\t\t<div class=\"elementor-column elementor-col-100 elementor-inner-column elementor-element elementor-element-d4e5f0b\" data-id=\"d4e5f0b\" data-element_type=\"column\" data-e-type=\"column\">\n\t\t\t<div class=\"elementor-widget-wrap elementor-element-populated\">\n\t\t\t\t\t\t<div class=\"elementor-element elementor-element-5cb3587 elementor-widget elementor-widget-spacer\" data-id=\"5cb3587\" data-element_type=\"widget\" data-e-type=\"widget\" data-widget_type=\"spacer.default\">\n\t\t\t\t<div class=\"elementor-widget-container\">\n\t\t\t\t\t\t\t<div class=\"elementor-spacer\">\n\t\t\t<div class=\"elementor-spacer-inner\"><\/div>\n\t\t<\/div>\n\t\t\t\t\t\t<\/div>\n\t\t\t\t<\/div>\n\t\t\t\t<div class=\"elementor-element elementor-element-fdb57ae elementor-widget elementor-widget-heading\" data-id=\"fdb57ae\" data-element_type=\"widget\" data-e-type=\"widget\" data-widget_type=\"heading.default\">\n\t\t\t\t<div class=\"elementor-widget-container\">\n\t\t\t\t\t<h1 class=\"elementor-heading-title elementor-size-default\">Den ganzen Menschen sehen.<\/h1>\t\t\t\t<\/div>\n\t\t\t\t<\/div>\n\t\t\t\t<div class=\"elementor-element elementor-element-375b3ad elementor-widget elementor-widget-spacer\" data-id=\"375b3ad\" data-element_type=\"widget\" data-e-type=\"widget\" data-widget_type=\"spacer.default\">\n\t\t\t\t<div class=\"elementor-widget-container\">\n\t\t\t\t\t\t\t<div class=\"elementor-spacer\">\n\t\t\t<div class=\"elementor-spacer-inner\"><\/div>\n\t\t<\/div>\n\t\t\t\t\t\t<\/div>\n\t\t\t\t<\/div>\n\t\t\t\t\t<\/div>\n\t\t<\/div>\n\t\t\t\t\t<\/div>\n\t\t<\/section>\n\t\t\t\t\t<\/div>\n\t\t<\/div>\n\t\t\t\t\t<\/div>\n\t\t<\/section>\n\t\t\t\t<section class=\"elementor-section elementor-top-section elementor-element elementor-element-ddcd08c elementor-section-boxed elementor-section-height-default elementor-section-height-default\" data-id=\"ddcd08c\" data-element_type=\"section\" data-e-type=\"section\">\n\t\t\t\t\t\t<div class=\"elementor-container elementor-column-gap-default\">\n\t\t\t\t\t<div class=\"elementor-column elementor-col-100 elementor-top-column elementor-element elementor-element-b91f6c6\" data-id=\"b91f6c6\" data-element_type=\"column\" data-e-type=\"column\">\n\t\t\t<div class=\"elementor-widget-wrap elementor-element-populated\">\n\t\t\t\t\t\t<div class=\"elementor-element elementor-element-17d4ac6 elementor-widget elementor-widget-spacer\" data-id=\"17d4ac6\" data-element_type=\"widget\" data-e-type=\"widget\" data-widget_type=\"spacer.default\">\n\t\t\t\t<div class=\"elementor-widget-container\">\n\t\t\t\t\t\t\t<div class=\"elementor-spacer\">\n\t\t\t<div class=\"elementor-spacer-inner\"><\/div>\n\t\t<\/div>\n\t\t\t\t\t\t<\/div>\n\t\t\t\t<\/div>\n\t\t\t\t<div class=\"elementor-element elementor-element-57c0c84 elementor-widget elementor-widget-heading\" data-id=\"57c0c84\" data-element_type=\"widget\" data-e-type=\"widget\" data-widget_type=\"heading.default\">\n\t\t\t\t<div class=\"elementor-widget-container\">\n\t\t\t\t\t<h2 class=\"elementor-heading-title elementor-size-default\">Meine Methoden<\/h2>\t\t\t\t<\/div>\n\t\t\t\t<\/div>\n\t\t\t\t<div class=\"elementor-element elementor-element-8f9617d elementor-widget elementor-widget-text-editor\" data-id=\"8f9617d\" data-element_type=\"widget\" data-e-type=\"widget\" data-widget_type=\"text-editor.default\">\n\t\t\t\t<div class=\"elementor-widget-container\">\n\t\t\t\t\t\t\t\t\t<p>Ob du dir deine ganz pers\u00f6nliche Yogapraxis erarbeiten willst, an alten Glaubenss\u00e4tzen zu knabbern hast oder viele offene Fragen mit dir herumtr\u00e4gst: Ich helfe dir, dich ganzheitlich deinen Themen zu widmen und wieder in deine Kraft zu finden. Meine Methoden beinhalten die schamanische Arbeit, die Arbeit mit dem kosmischen Feld und Kundalini Yoga. Oft macht es Sinn, verschiedene Praktiken miteinander zu kombinieren. Es ist \u00fcbrigens gar nicht schlimm, wenn du nicht wei\u00dft, wo du anfangen sollst \u2013 ich berate dich jederzeit gerne.<\/p>\t\t\t\t\t\t\t\t<\/div>\n\t\t\t\t<\/div>\n\t\t\t\t\t<\/div>\n\t\t<\/div>\n\t\t\t\t\t<\/div>\n\t\t<\/section>\n\t\t\t\t<section class=\"elementor-section elementor-top-section elementor-element elementor-element-34e84e84 elementor-section-boxed elementor-section-height-default elementor-section-height-default\" data-id=\"34e84e84\" data-element_type=\"section\" data-e-type=\"section\">\n\t\t\t\t\t\t<div class=\"elementor-container elementor-column-gap-default\">\n\t\t\t\t\t<div class=\"elementor-column elementor-col-33 elementor-top-column elementor-element elementor-element-76dae3b8\" data-id=\"76dae3b8\" data-element_type=\"column\" data-e-type=\"column\">\n\t\t\t<div class=\"elementor-widget-wrap elementor-element-populated\">\n\t\t\t\t\t\t<div class=\"elementor-element elementor-element-1d55fb4c e-transform e-transform elementor-widget elementor-widget-image\" data-id=\"1d55fb4c\" data-element_type=\"widget\" data-e-type=\"widget\" data-settings=\"{&quot;_transform_rotateZ_effect&quot;:{&quot;unit&quot;:&quot;px&quot;,&quot;size&quot;:0,&quot;sizes&quot;:[]},&quot;_transform_scale_effect&quot;:{&quot;unit&quot;:&quot;px&quot;,&quot;size&quot;:1,&quot;sizes&quot;:[]},&quot;_transform_rotateZ_effect_tablet&quot;:{&quot;unit&quot;:&quot;deg&quot;,&quot;size&quot;:&quot;&quot;,&quot;sizes&quot;:[]},&quot;_transform_rotateZ_effect_mobile&quot;:{&quot;unit&quot;:&quot;deg&quot;,&quot;size&quot;:&quot;&quot;,&quot;sizes&quot;:[]},&quot;_transform_scale_effect_tablet&quot;:{&quot;unit&quot;:&quot;px&quot;,&quot;size&quot;:&quot;&quot;,&quot;sizes&quot;:[]},&quot;_transform_scale_effect_mobile&quot;:{&quot;unit&quot;:&quot;px&quot;,&quot;size&quot;:&quot;&quot;,&quot;sizes&quot;:[]}}\" data-widget_type=\"image.default\">\n\t\t\t\t<div class=\"elementor-widget-container\">\n\t\t\t\t\t\t\t\t\t\t\t\t\t\t\t\t<a href=\"https:\/\/www.frank-christian.com\/home\/morphisches-feld\/\">\n\t\t\t\t\t\t\t<img decoding=\"async\" src=\"https:\/\/frank-christian.com\/wp-content\/uploads\/elementor\/thumbs\/D925BAE6-FA74-4041-B5E3-E3FB4077742C-phn0sa1h3aw9kc3v99nrrw9yzdhwe06309k83gth8o.png\" title=\"D925BAE6-FA74-4041-B5E3-E3FB4077742C\" alt=\"D925BAE6-FA74-4041-B5E3-E3FB4077742C\" loading=\"lazy\" \/>\t\t\t\t\t\t\t\t<\/a>\n\t\t\t\t\t\t\t\t\t\t\t\t\t\t\t<\/div>\n\t\t\t\t<\/div>\n\t\t\t\t<section class=\"elementor-section elementor-inner-section elementor-element elementor-element-5907c587 elementor-section-height-min-height elementor-section-boxed elementor-section-height-default\" data-id=\"5907c587\" data-element_type=\"section\" data-e-type=\"section\">\n\t\t\t\t\t\t<div class=\"elementor-container elementor-column-gap-default\">\n\t\t\t\t\t<div class=\"elementor-column elementor-col-100 elementor-inner-column elementor-element elementor-element-64eef4e8\" data-id=\"64eef4e8\" data-element_type=\"column\" data-e-type=\"column\">\n\t\t\t<div class=\"elementor-widget-wrap elementor-element-populated\">\n\t\t\t\t\t\t<div class=\"elementor-element elementor-element-7cad4373 elementor-align-justify elementor-widget__width-initial elementor-widget elementor-widget-button\" data-id=\"7cad4373\" data-element_type=\"widget\" data-e-type=\"widget\" data-widget_type=\"button.default\">\n\t\t\t\t<div class=\"elementor-widget-container\">\n\t\t\t\t\t\t\t\t\t<div class=\"elementor-button-wrapper\">\n\t\t\t\t\t<a class=\"elementor-button elementor-button-link elementor-size-md elementor-animation-grow\" href=\"https:\/\/www.frank-christian.com\/home\/kosmische-feld\/\">\n\t\t\t\t\t\t<span class=\"elementor-button-content-wrapper\">\n\t\t\t\t\t\t\t\t\t<span class=\"elementor-button-text\">KOSMISCHES FELD<\/span>\n\t\t\t\t\t<\/span>\n\t\t\t\t\t<\/a>\n\t\t\t\t<\/div>\n\t\t\t\t\t\t\t\t<\/div>\n\t\t\t\t<\/div>\n\t\t\t\t\t<\/div>\n\t\t<\/div>\n\t\t\t\t\t<\/div>\n\t\t<\/section>\n\t\t\t\t\t<\/div>\n\t\t<\/div>\n\t\t\t\t<div class=\"elementor-column elementor-col-33 elementor-top-column elementor-element elementor-element-31a1b6b6\" data-id=\"31a1b6b6\" data-element_type=\"column\" data-e-type=\"column\">\n\t\t\t<div class=\"elementor-widget-wrap elementor-element-populated\">\n\t\t\t\t\t\t<div class=\"elementor-element elementor-element-7cc20fad elementor-widget elementor-widget-image\" data-id=\"7cc20fad\" data-element_type=\"widget\" data-e-type=\"widget\" data-widget_type=\"image.default\">\n\t\t\t\t<div class=\"elementor-widget-container\">\n\t\t\t\t\t\t\t\t\t\t\t\t\t\t\t\t<a href=\"https:\/\/www.frank-christian.com\/home\/schamanische-arbeit\/\">\n\t\t\t\t\t\t\t<img decoding=\"async\" src=\"https:\/\/frank-christian.com\/wp-content\/uploads\/elementor\/thumbs\/424C8D61-F453-4A7D-8D93-D48345FAD8BA-phn0tbn0oobqgql95pwujmseqsckxwbchfnnaj9qbs.png\" title=\"424C8D61-F453-4A7D-8D93-D48345FAD8BA\" alt=\"424C8D61-F453-4A7D-8D93-D48345FAD8BA\" loading=\"lazy\" \/>\t\t\t\t\t\t\t\t<\/a>\n\t\t\t\t\t\t\t\t\t\t\t\t\t\t\t<\/div>\n\t\t\t\t<\/div>\n\t\t\t\t<section class=\"elementor-section elementor-inner-section elementor-element elementor-element-741a50ad elementor-section-boxed elementor-section-height-default elementor-section-height-default\" data-id=\"741a50ad\" data-element_type=\"section\" data-e-type=\"section\">\n\t\t\t\t\t\t<div class=\"elementor-container elementor-column-gap-default\">\n\t\t\t\t\t<div class=\"elementor-column elementor-col-100 elementor-inner-column elementor-element elementor-element-5cb64b07\" data-id=\"5cb64b07\" data-element_type=\"column\" data-e-type=\"column\">\n\t\t\t<div class=\"elementor-widget-wrap elementor-element-populated\">\n\t\t\t\t\t\t<div class=\"elementor-element elementor-element-492ba67e elementor-align-justify elementor-widget__width-initial elementor-widget elementor-widget-button\" data-id=\"492ba67e\" data-element_type=\"widget\" data-e-type=\"widget\" data-widget_type=\"button.default\">\n\t\t\t\t<div class=\"elementor-widget-container\">\n\t\t\t\t\t\t\t\t\t<div class=\"elementor-button-wrapper\">\n\t\t\t\t\t<a class=\"elementor-button elementor-button-link elementor-size-md elementor-animation-grow\" href=\"https:\/\/www.frank-christian.com\/home\/schamanische-arbeit\/\">\n\t\t\t\t\t\t<span class=\"elementor-button-content-wrapper\">\n\t\t\t\t\t\t\t\t\t<span class=\"elementor-button-text\">SCHAMANISCHE ARBEIT<\/span>\n\t\t\t\t\t<\/span>\n\t\t\t\t\t<\/a>\n\t\t\t\t<\/div>\n\t\t\t\t\t\t\t\t<\/div>\n\t\t\t\t<\/div>\n\t\t\t\t\t<\/div>\n\t\t<\/div>\n\t\t\t\t\t<\/div>\n\t\t<\/section>\n\t\t\t\t\t<\/div>\n\t\t<\/div>\n\t\t\t\t<div class=\"elementor-column elementor-col-33 elementor-top-column elementor-element elementor-element-649b6c6\" data-id=\"649b6c6\" data-element_type=\"column\" data-e-type=\"column\">\n\t\t\t<div class=\"elementor-widget-wrap elementor-element-populated\">\n\t\t\t\t\t\t<div class=\"elementor-element elementor-element-18eea20 elementor-widget elementor-widget-image\" data-id=\"18eea20\" data-element_type=\"widget\" data-e-type=\"widget\" data-widget_type=\"image.default\">\n\t\t\t\t<div class=\"elementor-widget-container\">\n\t\t\t\t\t\t\t\t\t\t\t\t\t\t\t\t<a href=\"https:\/\/www.frank-christian.com\/home\/kundalini-yoga\/\">\n\t\t\t\t\t\t\t<img decoding=\"async\" src=\"https:\/\/frank-christian.com\/wp-content\/uploads\/elementor\/thumbs\/95173DBD-CF4B-4A38-BD13-4B0DB288E37A-phn0t28msbyv8mywolukup5ssxmwsxa1454shrno20.png\" title=\"95173DBD-CF4B-4A38-BD13-4B0DB288E37A\" alt=\"95173DBD-CF4B-4A38-BD13-4B0DB288E37A\" loading=\"lazy\" \/>\t\t\t\t\t\t\t\t<\/a>\n\t\t\t\t\t\t\t\t\t\t\t\t\t\t\t<\/div>\n\t\t\t\t<\/div>\n\t\t\t\t<section class=\"elementor-section elementor-inner-section elementor-element elementor-element-c8295d6 elementor-section-boxed elementor-section-height-default elementor-section-height-default\" data-id=\"c8295d6\" data-element_type=\"section\" data-e-type=\"section\">\n\t\t\t\t\t\t<div class=\"elementor-container elementor-column-gap-default\">\n\t\t\t\t\t<div class=\"elementor-column elementor-col-100 elementor-inner-column elementor-element elementor-element-c697f02\" data-id=\"c697f02\" data-element_type=\"column\" data-e-type=\"column\">\n\t\t\t<div class=\"elementor-widget-wrap elementor-element-populated\">\n\t\t\t\t\t\t<div class=\"elementor-element elementor-element-520894b elementor-align-justify elementor-widget__width-initial elementor-widget elementor-widget-button\" data-id=\"520894b\" data-element_type=\"widget\" data-e-type=\"widget\" data-widget_type=\"button.default\">\n\t\t\t\t<div class=\"elementor-widget-container\">\n\t\t\t\t\t\t\t\t\t<div class=\"elementor-button-wrapper\">\n\t\t\t\t\t<a class=\"elementor-button elementor-button-link elementor-size-md elementor-animation-grow\" href=\"https:\/\/www.frank-christian.com\/home\/kundalini-yoga\/\">\n\t\t\t\t\t\t<span class=\"elementor-button-content-wrapper\">\n\t\t\t\t\t\t\t\t\t<span class=\"elementor-button-text\">KUNDALINI YOGA<\/span>\n\t\t\t\t\t<\/span>\n\t\t\t\t\t<\/a>\n\t\t\t\t<\/div>\n\t\t\t\t\t\t\t\t<\/div>\n\t\t\t\t<\/div>\n\t\t\t\t\t<\/div>\n\t\t<\/div>\n\t\t\t\t\t<\/div>\n\t\t<\/section>\n\t\t\t\t\t<\/div>\n\t\t<\/div>\n\t\t\t\t\t<\/div>\n\t\t<\/section>\n\t\t\t\t<\/div>\n\t\t","protected":false},"excerpt":{"rendered":"<p>Den ganzen Menschen sehen. Meine Methoden Ob du dir deine ganz pers\u00f6nliche Yogapraxis erarbeiten willst, an alten Glaubenss\u00e4tzen zu knabbern hast oder viele offene Fragen mit dir herumtr\u00e4gst: Ich helfe dir, dich ganzheitlich deinen Themen zu widmen und wieder in deine Kraft zu finden. Meine Methoden beinhalten die schamanische Arbeit, die Arbeit mit dem kosmischen&hellip;&nbsp;<a href=\"https:\/\/frank-christian.com\/home\/methoden\/\" rel=\"bookmark\">Weiterlesen &raquo;<span class=\"screen-reader-text\">Methoden \u00dcbersicht<\/span><\/a><\/p>\n","protected":false},"author":1,"featured_media":0,"parent":0,"menu_order":0,"comment_status":"closed","ping_status":"closed","template":"page-templates\/template-pagebuilder-full-width.php","meta":{"neve_meta_sidebar":"","neve_meta_container":"","neve_meta_enable_content_width":"","neve_meta_content_width":70,"neve_meta_title_alignment":"","neve_meta_author_avatar":"","neve_post_elements_order":"","neve_meta_disable_header":"","neve_meta_disable_footer":"","neve_meta_disable_title":"","footnotes":""},"class_list":["post-257","page","type-page","status-publish","hentry"],"yoast_head":"<!-- This site is optimized with the Yoast SEO plugin v27.4 - https:\/\/yoast.com\/product\/yoast-seo-wordpress\/ -->\n<title>Methoden \u00dcbersicht - FRANK CHRISTIAN<\/title>\n<meta name=\"robots\" content=\"index, follow, max-snippet:-1, max-image-preview:large, max-video-preview:-1\" \/>\n<link rel=\"canonical\" href=\"https:\/\/frank-christian.com\/home\/methoden\/\" \/>\n<meta property=\"og:locale\" content=\"de_DE\" \/>\n<meta property=\"og:type\" content=\"article\" \/>\n<meta property=\"og:title\" content=\"Methoden \u00dcbersicht - FRANK CHRISTIAN\" \/>\n<meta property=\"og:description\" content=\"Den ganzen Menschen sehen. Meine Methoden Ob du dir deine ganz pers\u00f6nliche Yogapraxis erarbeiten willst, an alten Glaubenss\u00e4tzen zu knabbern hast oder viele offene Fragen mit dir herumtr\u00e4gst: Ich helfe dir, dich ganzheitlich deinen Themen zu widmen und wieder in deine Kraft zu finden. Meine Methoden beinhalten die schamanische Arbeit, die Arbeit mit dem kosmischen&hellip;&nbsp;Weiterlesen &raquo;Methoden \u00dcbersicht\" \/>\n<meta property=\"og:url\" content=\"https:\/\/frank-christian.com\/home\/methoden\/\" \/>\n<meta property=\"og:site_name\" content=\"FRANK CHRISTIAN\" \/>\n<meta property=\"article:publisher\" content=\"https:\/\/www.facebook.com\/hangingoutwithyoursoul\" \/>\n<meta property=\"article:modified_time\" content=\"2025-08-23T05:17:53+00:00\" \/>\n<meta property=\"og:image\" content=\"https:\/\/frank-christian.com\/wp-content\/uploads\/elementor\/thumbs\/D925BAE6-FA74-4041-B5E3-E3FB4077742C-phn0sa1h3aw9kc3v99nrrw9yzdhwe06309k83gth8o.png\" \/>\n<meta name=\"twitter:card\" content=\"summary_large_image\" \/>\n<meta name=\"twitter:label1\" content=\"Gesch\u00e4tzte Lesezeit\" \/>\n\t<meta name=\"twitter:data1\" content=\"2\u00a0Minuten\" \/>\n<script type=\"application\/ld+json\" class=\"yoast-schema-graph\">{\"@context\":\"https:\\\/\\\/schema.org\",\"@graph\":[{\"@type\":\"WebPage\",\"@id\":\"https:\\\/\\\/frank-christian.com\\\/home\\\/methoden\\\/\",\"url\":\"https:\\\/\\\/frank-christian.com\\\/home\\\/methoden\\\/\",\"name\":\"Methoden \u00dcbersicht - FRANK CHRISTIAN\",\"isPartOf\":{\"@id\":\"https:\\\/\\\/frank-christian.com\\\/home\\\/#website\"},\"primaryImageOfPage\":{\"@id\":\"https:\\\/\\\/frank-christian.com\\\/home\\\/methoden\\\/#primaryimage\"},\"image\":{\"@id\":\"https:\\\/\\\/frank-christian.com\\\/home\\\/methoden\\\/#primaryimage\"},\"thumbnailUrl\":\"https:\\\/\\\/frank-christian.com\\\/wp-content\\\/uploads\\\/elementor\\\/thumbs\\\/D925BAE6-FA74-4041-B5E3-E3FB4077742C-phn0sa1h3aw9kc3v99nrrw9yzdhwe06309k83gth8o.png\",\"datePublished\":\"2019-07-29T06:21:52+00:00\",\"dateModified\":\"2025-08-23T05:17:53+00:00\",\"breadcrumb\":{\"@id\":\"https:\\\/\\\/frank-christian.com\\\/home\\\/methoden\\\/#breadcrumb\"},\"inLanguage\":\"de\",\"potentialAction\":[{\"@type\":\"ReadAction\",\"target\":[\"https:\\\/\\\/frank-christian.com\\\/home\\\/methoden\\\/\"]}]},{\"@type\":\"ImageObject\",\"inLanguage\":\"de\",\"@id\":\"https:\\\/\\\/frank-christian.com\\\/home\\\/methoden\\\/#primaryimage\",\"url\":\"https:\\\/\\\/frank-christian.com\\\/wp-content\\\/uploads\\\/elementor\\\/thumbs\\\/D925BAE6-FA74-4041-B5E3-E3FB4077742C-phn0sa1h3aw9kc3v99nrrw9yzdhwe06309k83gth8o.png\",\"contentUrl\":\"https:\\\/\\\/frank-christian.com\\\/wp-content\\\/uploads\\\/elementor\\\/thumbs\\\/D925BAE6-FA74-4041-B5E3-E3FB4077742C-phn0sa1h3aw9kc3v99nrrw9yzdhwe06309k83gth8o.png\"},{\"@type\":\"BreadcrumbList\",\"@id\":\"https:\\\/\\\/frank-christian.com\\\/home\\\/methoden\\\/#breadcrumb\",\"itemListElement\":[{\"@type\":\"ListItem\",\"position\":1,\"name\":\"Startseite\",\"item\":\"https:\\\/\\\/frank-christian.com\\\/home\\\/\"},{\"@type\":\"ListItem\",\"position\":2,\"name\":\"Methoden \u00dcbersicht\"}]},{\"@type\":\"WebSite\",\"@id\":\"https:\\\/\\\/frank-christian.com\\\/home\\\/#website\",\"url\":\"https:\\\/\\\/frank-christian.com\\\/home\\\/\",\"name\":\"FRANK CHRISTIAN\",\"description\":\"Moderne Spiritualit\u00e4t, Schamanismus &amp; Kundalini Yoga\",\"publisher\":{\"@id\":\"https:\\\/\\\/frank-christian.com\\\/home\\\/#organization\"},\"potentialAction\":[{\"@type\":\"SearchAction\",\"target\":{\"@type\":\"EntryPoint\",\"urlTemplate\":\"https:\\\/\\\/frank-christian.com\\\/home\\\/?s={search_term_string}\"},\"query-input\":{\"@type\":\"PropertyValueSpecification\",\"valueRequired\":true,\"valueName\":\"search_term_string\"}}],\"inLanguage\":\"de\"},{\"@type\":\"Organization\",\"@id\":\"https:\\\/\\\/frank-christian.com\\\/home\\\/#organization\",\"name\":\"Frank Christian Dinkel\",\"url\":\"https:\\\/\\\/frank-christian.com\\\/home\\\/\",\"logo\":{\"@type\":\"ImageObject\",\"inLanguage\":\"de\",\"@id\":\"https:\\\/\\\/frank-christian.com\\\/home\\\/#\\\/schema\\\/logo\\\/image\\\/\",\"url\":\"https:\\\/\\\/frank-christian.com\\\/wp-content\\\/uploads\\\/2021\\\/10\\\/1B41E847-35D3-4B55-8939-C05A3A4A9043.png\",\"contentUrl\":\"https:\\\/\\\/frank-christian.com\\\/wp-content\\\/uploads\\\/2021\\\/10\\\/1B41E847-35D3-4B55-8939-C05A3A4A9043.png\",\"width\":500,\"height\":500,\"caption\":\"Frank Christian Dinkel\"},\"image\":{\"@id\":\"https:\\\/\\\/frank-christian.com\\\/home\\\/#\\\/schema\\\/logo\\\/image\\\/\"},\"sameAs\":[\"https:\\\/\\\/www.facebook.com\\\/hangingoutwithyoursoul\",\"https:\\\/\\\/www.instagram.com\\\/hangingoutwithyoursoul\\\/\"]}]}<\/script>\n<!-- \/ Yoast SEO plugin. -->","yoast_head_json":{"title":"Methoden \u00dcbersicht - FRANK CHRISTIAN","robots":{"index":"index","follow":"follow","max-snippet":"max-snippet:-1","max-image-preview":"max-image-preview:large","max-video-preview":"max-video-preview:-1"},"canonical":"https:\/\/frank-christian.com\/home\/methoden\/","og_locale":"de_DE","og_type":"article","og_title":"Methoden \u00dcbersicht - FRANK CHRISTIAN","og_description":"Den ganzen Menschen sehen. Meine Methoden Ob du dir deine ganz pers\u00f6nliche Yogapraxis erarbeiten willst, an alten Glaubenss\u00e4tzen zu knabbern hast oder viele offene Fragen mit dir herumtr\u00e4gst: Ich helfe dir, dich ganzheitlich deinen Themen zu widmen und wieder in deine Kraft zu finden. Meine Methoden beinhalten die schamanische Arbeit, die Arbeit mit dem kosmischen&hellip;&nbsp;Weiterlesen &raquo;Methoden \u00dcbersicht","og_url":"https:\/\/frank-christian.com\/home\/methoden\/","og_site_name":"FRANK CHRISTIAN","article_publisher":"https:\/\/www.facebook.com\/hangingoutwithyoursoul","article_modified_time":"2025-08-23T05:17:53+00:00","og_image":[{"url":"https:\/\/frank-christian.com\/wp-content\/uploads\/elementor\/thumbs\/D925BAE6-FA74-4041-B5E3-E3FB4077742C-phn0sa1h3aw9kc3v99nrrw9yzdhwe06309k83gth8o.png","type":"","width":"","height":""}],"twitter_card":"summary_large_image","twitter_misc":{"Gesch\u00e4tzte Lesezeit":"2\u00a0Minuten"},"schema":{"@context":"https:\/\/schema.org","@graph":[{"@type":"WebPage","@id":"https:\/\/frank-christian.com\/home\/methoden\/","url":"https:\/\/frank-christian.com\/home\/methoden\/","name":"Methoden \u00dcbersicht - FRANK CHRISTIAN","isPartOf":{"@id":"https:\/\/frank-christian.com\/home\/#website"},"primaryImageOfPage":{"@id":"https:\/\/frank-christian.com\/home\/methoden\/#primaryimage"},"image":{"@id":"https:\/\/frank-christian.com\/home\/methoden\/#primaryimage"},"thumbnailUrl":"https:\/\/frank-christian.com\/wp-content\/uploads\/elementor\/thumbs\/D925BAE6-FA74-4041-B5E3-E3FB4077742C-phn0sa1h3aw9kc3v99nrrw9yzdhwe06309k83gth8o.png","datePublished":"2019-07-29T06:21:52+00:00","dateModified":"2025-08-23T05:17:53+00:00","breadcrumb":{"@id":"https:\/\/frank-christian.com\/home\/methoden\/#breadcrumb"},"inLanguage":"de","potentialAction":[{"@type":"ReadAction","target":["https:\/\/frank-christian.com\/home\/methoden\/"]}]},{"@type":"ImageObject","inLanguage":"de","@id":"https:\/\/frank-christian.com\/home\/methoden\/#primaryimage","url":"https:\/\/frank-christian.com\/wp-content\/uploads\/elementor\/thumbs\/D925BAE6-FA74-4041-B5E3-E3FB4077742C-phn0sa1h3aw9kc3v99nrrw9yzdhwe06309k83gth8o.png","contentUrl":"https:\/\/frank-christian.com\/wp-content\/uploads\/elementor\/thumbs\/D925BAE6-FA74-4041-B5E3-E3FB4077742C-phn0sa1h3aw9kc3v99nrrw9yzdhwe06309k83gth8o.png"},{"@type":"BreadcrumbList","@id":"https:\/\/frank-christian.com\/home\/methoden\/#breadcrumb","itemListElement":[{"@type":"ListItem","position":1,"name":"Startseite","item":"https:\/\/frank-christian.com\/home\/"},{"@type":"ListItem","position":2,"name":"Methoden \u00dcbersicht"}]},{"@type":"WebSite","@id":"https:\/\/frank-christian.com\/home\/#website","url":"https:\/\/frank-christian.com\/home\/","name":"FRANK CHRISTIAN","description":"Moderne Spiritualit\u00e4t, Schamanismus &amp; Kundalini Yoga","publisher":{"@id":"https:\/\/frank-christian.com\/home\/#organization"},"potentialAction":[{"@type":"SearchAction","target":{"@type":"EntryPoint","urlTemplate":"https:\/\/frank-christian.com\/home\/?s={search_term_string}"},"query-input":{"@type":"PropertyValueSpecification","valueRequired":true,"valueName":"search_term_string"}}],"inLanguage":"de"},{"@type":"Organization","@id":"https:\/\/frank-christian.com\/home\/#organization","name":"Frank Christian Dinkel","url":"https:\/\/frank-christian.com\/home\/","logo":{"@type":"ImageObject","inLanguage":"de","@id":"https:\/\/frank-christian.com\/home\/#\/schema\/logo\/image\/","url":"https:\/\/frank-christian.com\/wp-content\/uploads\/2021\/10\/1B41E847-35D3-4B55-8939-C05A3A4A9043.png","contentUrl":"https:\/\/frank-christian.com\/wp-content\/uploads\/2021\/10\/1B41E847-35D3-4B55-8939-C05A3A4A9043.png","width":500,"height":500,"caption":"Frank Christian Dinkel"},"image":{"@id":"https:\/\/frank-christian.com\/home\/#\/schema\/logo\/image\/"},"sameAs":["https:\/\/www.facebook.com\/hangingoutwithyoursoul","https:\/\/www.instagram.com\/hangingoutwithyoursoul\/"]}]}},"_links":{"self":[{"href":"https:\/\/frank-christian.com\/home\/wp-json\/wp\/v2\/pages\/257","targetHints":{"allow":["GET"]}}],"collection":[{"href":"https:\/\/frank-christian.com\/home\/wp-json\/wp\/v2\/pages"}],"about":[{"href":"https:\/\/frank-christian.com\/home\/wp-json\/wp\/v2\/types\/page"}],"author":[{"embeddable":true,"href":"https:\/\/frank-christian.com\/home\/wp-json\/wp\/v2\/users\/1"}],"replies":[{"embeddable":true,"href":"https:\/\/frank-christian.com\/home\/wp-json\/wp\/v2\/comments?post=257"}],"version-history":[{"count":298,"href":"https:\/\/frank-christian.com\/home\/wp-json\/wp\/v2\/pages\/257\/revisions"}],"predecessor-version":[{"id":3370,"href":"https:\/\/frank-christian.com\/home\/wp-json\/wp\/v2\/pages\/257\/revisions\/3370"}],"wp:attachment":[{"href":"https:\/\/frank-christian.com\/home\/wp-json\/wp\/v2\/media?parent=257"}],"curies":[{"name":"wp","href":"https:\/\/api.w.org\/{rel}","templated":true}]}}